{"id":4047,"date":"2023-12-06T10:04:49","date_gmt":"2023-12-06T09:04:49","guid":{"rendered":"https:\/\/www.saretec.es\/?page_id=4047"},"modified":"2023-12-06T12:18:07","modified_gmt":"2023-12-06T11:18:07","slug":"politica-de-privacidad","status":"publish","type":"page","link":"https:\/\/www.saretec.es\/es\/politica-de-privacidad\/","title":{"rendered":"Pol\u00edtica de privacidad"},"content":{"rendered":"<div class=\"wpb-content-wrapper\"><p>[vc_row width=&#8221;no_margin&#8221; h=&#8221;350px&#8221; bb_width=&#8221;1&#8243; bb_color=&#8221;#f2f2f2&#8243; bg_type=&#8221;image&#8221; bg_image_url=&#8221;3727&#8243; bg_position=&#8221;center top&#8221; p_top=&#8221;150&#8243; p_bottom=&#8221;0&#8243; m_bottom=&#8221;0&#8243; v_center=&#8221;yes&#8221;][vc_column width=&#8221;2\/3&#8243;][vc_row_inner][vc_column_inner width=&#8221;1\/6&#8243;][\/vc_column_inner][vc_column_inner width=&#8221;1\/6&#8243; css=&#8221;.vc_custom_1489490930190{margin-right: 0px !important;}&#8221; offset=&#8221;vc_hidden-xs&#8221;][\/vc_column_inner][vc_column_inner width=&#8221;4\/6&#8243;][\/vc_column_inner][\/vc_row_inner][\/vc_column][vc_column width=&#8221;1\/3&#8243;][\/vc_column][\/vc_row][vc_row anchor=&#8221;about-page&#8221; width=&#8221;full&#8221; bg_color_row=&#8221;#ffffff&#8221; p_top=&#8221;80&#8243; p_bottom=&#8221;120&#8243; m_top=&#8221;0&#8243; m_bottom=&#8221;0&#8243;][vc_column][ivan_title title_tag=&#8221;hero&#8221; ico_family=&#8221;custom&#8221; mark=&#8221;yes&#8221; template=&#8221;primary-bg&#8221; c_id=&#8221;.vc_1701853309905&#8243;]Pol\u00edtica de privacidad[\/ivan_title][vc_empty_space height=&#8221;40&#8243;][\/vc_column][\/vc_row][vc_row anchor=&#8221;services-page&#8221; width=&#8221;full&#8221; bg_color_row=&#8221;#ffffff&#8221; p_top=&#8221;0&#8243; p_bottom=&#8221;60&#8243; m_bottom=&#8221;0&#8243; css=&#8221;.vc_custom_1537427149552{margin-top: -100px !important;}&#8221;][vc_column][vc_row_inner][vc_column_inner][vc_column_text c_id=&#8221;.vc_1701853742446&#8243;]<strong>1. Responsable. \u00bfQui\u00e9n va a tratar sus datos?<\/strong><\/p>\n<p>El responsable del tratamiento de datos es SARETEC SURVEY IB\u00c9RICA, S.A.U, con NIF A83670893 y domicilio social y a efectos de notificaciones en el Paseo de la Castellana 143, 6\u00ba D, 28046-Madrid.<br \/>\nDatos de contacto:<\/p>\n<ul>\n<li>\u00a0Direcci\u00f3n de contacto para denuncias: canaletico@saretec.es<\/li>\n<li>\u00a0Direcci\u00f3n de contacto para cuestiones de protecci\u00f3n de datos no relacionadas con denuncias: madrid@saretec.es<\/li>\n<\/ul>\n<p><strong>2. Datos personales tratados y origen<\/strong><\/p>\n<p>Datos identificativos y de contacto (nombre y apellidos de denunciante \u2013si la denuncia no es an\u00f3nima- y denunciado y datos de contacto profesional del denunciante \u2013si la denuncia no es an\u00f3nima- y denunciado) y contenido de los hechos denunciados. Dichos datos se han obtenido directamente del denunciante en el momento de interposici\u00f3n de la denuncia a trav\u00e9s del sistema.<br \/>\nLa denuncia podr\u00e1 ser realizada de manera an\u00f3nima sin aportar dato personal alguno, pudiendo ser, no obstante, necesario solicitar por parte del Responsable informaci\u00f3n adicional en el trascurso del proceso de investigaci\u00f3n.<br \/>\nAsimismo, una vez recibida la denuncia se proceder\u00e1 a suprimir cualquier dato personal que se considerara excesivo o indebido de los que se hubieran aportado en la denuncia realizada.<\/p>\n<p><strong>3. Informaci\u00f3n al denunciado<\/strong><\/p>\n<p>La persona sobre la que recaiga la denuncia, ser\u00e1 informada en los t\u00e9rminos que marca el art\u00edculo 14 del RGPD en un plazo m\u00e1ximo de 1 mes, a contar desde la recepci\u00f3n de la denuncia.<br \/>\nEn el caso excepcional de que dicha comunicaci\u00f3n se entendiera de manera motivada que pudiera suponer una obstrucci\u00f3n o riesgos para la correcta investigaci\u00f3n de los hechos, se aplazar\u00e1 dicha comunicaci\u00f3n a la fecha m\u00e1s inmediata posible en la que no exista riesgo.<\/p>\n<p><strong>3. Finalidades y legitimaci\u00f3n<\/strong><\/p>\n<p>Los datos objeto de tratamiento se usar\u00e1n para los dos fines siguientes:<\/p>\n<ul>\n<li>Dar curso y gestionar el procedimiento de denuncia interna en el que sea parte, relacionado con aquellos actos o conductas contrarios a ley, los procedimientos y normas de la empresa, o la normativa sectorial de aplicaci\u00f3n a la Sociedad.<\/li>\n<li>Adopci\u00f3n de las medidas disciplinarias que procedan tras la resoluci\u00f3n del procedimiento de denuncia.<\/li>\n<\/ul>\n<p>Dicho tratamiento se legitima por la v\u00eda de la obligaci\u00f3n legal, en virtud de lo dispuesto para empresas con m\u00e1s de 50 trabajadores en plantilla, en el art\u00edculo 30 en la Ley 2\/2023, de 20 de febrero, reguladora de la protecci\u00f3n de las personas que informen sobre infracciones normativas y de lucha contra la corrupci\u00f3n.<\/p>\n<p><strong>4. Plazos o criterios de conservaci\u00f3n.<\/strong><\/p>\n<p>Los datos se conservar\u00e1n en el sistema del canal de denuncias \u00fanicamente durante un plazo m\u00e1ximo de 3 meses, a contar desde la recepci\u00f3n de la misma.<br \/>\nEn el supuesto en que debieran tratarse durante m\u00e1s tiempo para la investigaci\u00f3n de los hechos y adopci\u00f3n de medidas disciplinarias se tratar\u00e1n durante el tiempo imprescindible para ello en un sistema distinto, siendo posteriormente conservados dichos datos bloqueados hasta la prescripci\u00f3n de las responsabilidades que pudieran derivarse y como parte del registro a disposici\u00f3n de los tribunales en el marco de un procedimiento judicial<br \/>\nEn el supuesto de que se decida la improcedencia de la denuncia tras la investigaci\u00f3n realizada, se proceder\u00e1 a suprimir la informaci\u00f3n en un plazo m\u00e1ximo de 3 meses, a contar desde la recepci\u00f3n de la misma.<\/p>\n<p><strong>5. Cesi\u00f3n o transferencia.<\/strong><\/p>\n<p>No se comunicar\u00e1n datos a terceros, salvo a los tribunales y autoridades competentes en relaci\u00f3n con posibles hechos constitutivos de il\u00edcitos penales y administrativos.<br \/>\nNo se realizar\u00e1 transferencia internacional de los datos objeto de tratamiento fuera del Espacio Econ\u00f3mico Europeo.<\/p>\n<p><strong>6. Derechos<\/strong><\/p>\n<p>Podr\u00e1n ejercerse los siguientes derechos en materia de protecci\u00f3n de datos, a trav\u00e9s de las v\u00edas indicadas. Salvo en los casos de presentaci\u00f3n an\u00f3nima, se deber\u00e1 adjuntar copia escaneada del DNI, indicar el derecho que se quiere ejercitar y aportar el n\u00famero del procedimiento que se le haya comunicado.<\/p>\n<ul>\n<li>Derecho a solicitar una copia de la informaci\u00f3n personal tratada, que le ser\u00e1 proporcionada en el plazo de un mes (derecho de acceso). Se informa que el supuesto de ejercicio de dicho derecho por parte del denunciado, se limitar\u00e1 a los<\/li>\n<li>datos personales propios y no incluir\u00e1 datos personales relativos al resto de interesados ni la identidad del denunciante.<\/li>\n<li>Derecho a actualizar o modificar la informaci\u00f3n si es incorrecta (derecho de rectificaci\u00f3n).<\/li>\n<li>Derecho a solicitar que dejemos de usar la informaci\u00f3n mientras se resuelve una reclamaci\u00f3n, entre otros casos (derecho a la limitaci\u00f3n del tratamiento).<\/li>\n<\/ul>\n<p>Direcci\u00f3n de contacto para cuestiones de protecci\u00f3n de datos no relacionadas con denuncias: madrid@saretec.es<br \/>\nAsimismo, se informa del derecho a presentar una reclamaci\u00f3n ante la propia Agencia Espa\u00f1ola de Protecci\u00f3n de Datos (o AEPD) especialmente en el caso en que se considere que no se ha obtenido satisfacci\u00f3n adecuada en el ejercicio de los derechos en esta materia.[\/vc_column_text][\/vc_column_inner][\/vc_row_inner][\/vc_column][\/vc_row]<\/p>\n<\/div>","protected":false},"excerpt":{"rendered":"<p>[vc_row width=&#8221;no_margin&#8221; h=&#8221;350px&#8221; bb_width=&#8221;1&#8243; bb_color=&#8221;#f2f2f2&#8243; bg_type=&#8221;image&#8221; bg_image_url=&#8221;3727&#8243; bg_position=&#8221;center top&#8221; p_top=&#8221;150&#8243; p_bottom=&#8221;0&#8243; m_bottom=&#8221;0&#8243; v_center=&#8221;yes&#8221;][vc_column width=&#8221;2\/3&#8243;][vc_row_inner][vc_column_inner width=&#8221;1\/6&#8243;][\/vc_column_inner][vc_column_inner width=&#8221;1\/6&#8243; css=&#8221;.vc_custom_1489490930190{margin-right: 0px !important;}&#8221; offset=&#8221;vc_hidden-xs&#8221;][\/vc_column_inner][vc_column_inner width=&#8221;4\/6&#8243;][\/vc_column_inner][\/vc_row_inner][\/vc_column][vc_column width=&#8221;1\/3&#8243;][\/vc_column][\/vc_row][vc_row anchor=&#8221;about-page&#8221; width=&#8221;full&#8221; bg_color_row=&#8221;#ffffff&#8221; p_top=&#8221;80&#8243; p_bottom=&#8221;120&#8243; m_top=&#8221;0&#8243; m_bottom=&#8221;0&#8243;][vc_column][ivan_title title_tag=&#8221;hero&#8221; ico_family=&#8221;custom&#8221; mark=&#8221;yes&#8221; template=&#8221;primary-bg&#8221; c_id=&#8221;.vc_1701853309905&#8243;]Pol\u00edtica de privacidad[\/ivan_title][vc_empty_space height=&#8221;40&#8243;][\/vc_column][\/vc_row][vc_row anchor=&#8221;services-page&#8221; width=&#8221;full&#8221; bg_color_row=&#8221;#ffffff&#8221; p_top=&#8221;0&#8243; p_bottom=&#8221;60&#8243; m_bottom=&#8221;0&#8243; css=&#8221;.vc_custom_1537427149552{margin-top: -100px !important;}&#8221;][vc_column][vc_row_inner][vc_column_inner][vc_column_text c_id=&#8221;.vc_1701853742446&#8243;]1. Responsable. \u00bfQui\u00e9n va a tratar sus datos? El [&hellip;]<\/p>\n","protected":false},"author":1,"featured_media":0,"parent":0,"menu_order":0,"comment_status":"closed","ping_status":"closed","template":"","meta":{"footnotes":""},"class_list":["post-4047","page","type-page","status-publish","hentry","no-thumbnail"],"aioseo_notices":[],"_links":{"self":[{"href":"https:\/\/www.saretec.es\/es\/wp-json\/wp\/v2\/pages\/4047","targetHints":{"allow":["GET"]}}],"collection":[{"href":"https:\/\/www.saretec.es\/es\/wp-json\/wp\/v2\/pages"}],"about":[{"href":"https:\/\/www.saretec.es\/es\/wp-json\/wp\/v2\/types\/page"}],"author":[{"embeddable":true,"href":"https:\/\/www.saretec.es\/es\/wp-json\/wp\/v2\/users\/1"}],"replies":[{"embeddable":true,"href":"https:\/\/www.saretec.es\/es\/wp-json\/wp\/v2\/comments?post=4047"}],"version-history":[{"count":4,"href":"https:\/\/www.saretec.es\/es\/wp-json\/wp\/v2\/pages\/4047\/revisions"}],"predecessor-version":[{"id":4084,"href":"https:\/\/www.saretec.es\/es\/wp-json\/wp\/v2\/pages\/4047\/revisions\/4084"}],"wp:attachment":[{"href":"https:\/\/www.saretec.es\/es\/wp-json\/wp\/v2\/media?parent=4047"}],"curies":[{"name":"wp","href":"https:\/\/api.w.org\/{rel}","templated":true}]}}