{"id":4042,"date":"2023-12-06T09:57:45","date_gmt":"2023-12-06T08:57:45","guid":{"rendered":"https:\/\/www.saretec.es\/?page_id=4042"},"modified":"2023-12-06T12:55:36","modified_gmt":"2023-12-06T11:55:36","slug":"politica-de-privacidad-del-sitio-web","status":"publish","type":"page","link":"https:\/\/www.saretec.es\/es\/politica-de-privacidad-del-sitio-web\/","title":{"rendered":"POL\u00cdTICA DE PRIVACIDAD DEL SITIO WEB"},"content":{"rendered":"<div class=\"wpb-content-wrapper\"><p>[vc_row width=&#8221;no_margin&#8221; h=&#8221;350px&#8221; bb_width=&#8221;1&#8243; bb_color=&#8221;#f2f2f2&#8243; bg_type=&#8221;image&#8221; bg_image_url=&#8221;3727&#8243; bg_position=&#8221;center top&#8221; p_top=&#8221;150&#8243; p_bottom=&#8221;0&#8243; m_bottom=&#8221;0&#8243; v_center=&#8221;yes&#8221;][vc_column width=&#8221;2\/3&#8243;][vc_row_inner][vc_column_inner width=&#8221;1\/6&#8243;][\/vc_column_inner][vc_column_inner width=&#8221;1\/6&#8243; css=&#8221;.vc_custom_1489490930190{margin-right: 0px !important;}&#8221; offset=&#8221;vc_hidden-xs&#8221;][\/vc_column_inner][vc_column_inner width=&#8221;4\/6&#8243;][\/vc_column_inner][\/vc_row_inner][\/vc_column][vc_column width=&#8221;1\/3&#8243;][\/vc_column][\/vc_row][vc_row anchor=&#8221;about-page&#8221; width=&#8221;full&#8221; bg_color_row=&#8221;#ffffff&#8221; p_top=&#8221;80&#8243; p_bottom=&#8221;120&#8243; m_top=&#8221;0&#8243; m_bottom=&#8221;0&#8243;][vc_column][ivan_title title_tag=&#8221;hero&#8221; ico_family=&#8221;custom&#8221; mark=&#8221;yes&#8221; template=&#8221;primary-bg&#8221; c_id=&#8221;.vc_1701852646678&#8243;]POL\u00cdTICA DE PRIVACIDAD DEL SITIO WEB[\/ivan_title][vc_empty_space height=&#8221;40&#8243;][\/vc_column][\/vc_row][vc_row anchor=&#8221;services-page&#8221; width=&#8221;full&#8221; bg_color_row=&#8221;#ffffff&#8221; p_top=&#8221;0&#8243; p_bottom=&#8221;60&#8243; m_bottom=&#8221;0&#8243; css=&#8221;.vc_custom_1537427149552{margin-top: -100px !important;}&#8221;][vc_column][vc_row_inner][vc_column_inner][vc_column_text c_id=&#8221;.vc_1701863731852&#8243;]<strong>1. INTRODUCCI\u00d3N<\/strong><\/p>\n<p>La Pol\u00edtica de Privacidad del Sitio Web, tiene por objeto facilitar informaci\u00f3n sobre los derechos y obligaciones espec\u00edficos que asisten a los usuarios (en adelante, los \u201cUsuarios\u201d) de los sitios web, aplicaciones y cualquier otra plataforma digital o medio electr\u00f3nico de SARETEC SURVEY IBERICA SAU, en virtud del Reglamento (UE) 2016\/679 del Parlamento Europeo y del Consejo, de 27 de abril de 2016, relativo a la protecci\u00f3n de las personas f\u00edsicas en lo que respecta al tratamiento de datos personales y a la libre circulaci\u00f3n de estos datos (\u201cRGPD\u201d) y a la Ley Org\u00e1nica 3\/2018, 5 de diciembre de 2018, de protecci\u00f3n de datos personales y garant\u00eda de los derechos digitales (\u201cLOPDGDD\u201d).<\/p>\n<p>Para visitar cualquiera de los sitios web de SARETEC SURVEY IBERICA SAU, aplicaciones y cualquier otra plataforma digital o medio electr\u00f3nico de SARETEC SURVEY IBERICA SAU (en adelante se referir\u00e1 a todos ellos como el \u201cSitio Web\u201d), en general no es necesario que nos facilite sus datos de car\u00e1cter personal. Sin embargo, es posible que determinadas interacciones con SARETEC SURVEY IBERICA SAU a trav\u00e9s del Sitio Web lo requieran.<\/p>\n<p>Introducir los datos en alguna o algunas de las hojas o formularios de captaci\u00f3n de datos implica aceptar la presente Pol\u00edtica, dando por entendido que ha sido informado de la pol\u00edtica de privacidad y del aviso legal del Sitio Web y que se compromete a su entero cumplimiento durante la navegaci\u00f3n y participaci\u00f3n en el mismo.<\/p>\n<p>SARETEC SURVEY IBERICA SAU podr\u00e1 comunicar sus datos a terceros que nos ayuden a proporcionar servicios de tecnolog\u00edas de la informaci\u00f3n, como proveedores de plataforma, servicios de hospedaje, sitios web, etc. En relaci\u00f3n con esto \u00faltimo, SARETEC SURVEY IBERICA SAU exigir\u00e1 que estos terceros cumplan con la legislaci\u00f3n vigente, si bien la responsabilidad ser\u00e1 exigible a \u00e9stos.<br \/>\nLa presente Pol\u00edtica no es de aplicaci\u00f3n a sitios web de terceros, incluyendo aqu\u00e9llos a los que Usted pueda tener acceso a trav\u00e9s de un enlace localizado en el Sitio Web de SARETEC SURVEY IBERICA SAU.<br \/>\nSi tiene alguna duda relativa al tratamiento de sus datos personales, puede contactar con SARETEC SURVEY IBERICA SAU o con su Delegado de Protecci\u00f3n de Datos a trav\u00e9s de la siguiente direcci\u00f3n: madrid@saretec.es.<\/p>\n<p><strong>2. DESCRIPCI\u00d3N TRATAMIENTOS DE DATOS PERSONALES<\/strong><\/p>\n<p>2.1. A trav\u00e9s del Sitio Web se tratan los datos facilitados por los Usuarios durante la navegaci\u00f3n y uso del Sitio Web, as\u00ed como los recogidos a trav\u00e9s de los formularios correspondientes.<br \/>\nA tal efecto, mediante la cumplimentaci\u00f3n de aquellos formularios que puedan estar incluidos en el Sitio Web, los Usuarios aceptan la inclusi\u00f3n y tratamiento de los datos que proporcionen en un tratamiento de datos de car\u00e1cter personal del cual es responsable SARETEC SURVEY<br \/>\nIBERICA SAU, pudi\u00e9ndose ejercer los derechos pertinentes seg\u00fan lo expuesto en la presente pol\u00edtica.<br \/>\n2.2. Para mayor facilidad y transparencia con el Usuario hemos separado las finalidades y bases jur\u00eddicas del tratamiento de datos en tres principales apartados en funci\u00f3n de la necesidad concreta del Usuario (v\u00e9ase a continuaci\u00f3n apartados: \u00abInicio\u00bb y \u00abContacto\u00bb , y apartado: \u00abCanal \u00c9tico\u00bb):<\/p>\n<p><strong>\u2022 Formulario Contacto:<\/strong><br \/>\nLos datos facilitados por el Usuario ser\u00e1n tratados por SARETEC SURVEY IBERICA SAU con la finalidad de atender solicitudes de informaci\u00f3n, dudas, consultas y\/o preguntas formuladas. Si es necesario contactarle lo haremos por email.<\/p>\n<p>El tratamiento de dichos datos est\u00e1 basado en el consentimiento del Usuario (RGPD: 6.1 a) Consentimiento prestado por el Usuario). El Usuario podr\u00e1 revocar el consentimiento en cualquier momento.<\/p>\n<p>Los datos proporcionados se conservar\u00e1n hasta la resoluci\u00f3n de su solicitud y durante el per\u00edodo m\u00e1ximo de 12 meses.<br \/>\nSus datos pueden ser cedidos a sociedades del grupo cuya cabecera es GROUPE SARETEC para las finalidades para las cuales ha dado su consentimiento, as\u00ed como para mantener una gesti\u00f3n integral y centralizada de la relaci\u00f3n de los Usuarios con las distintas sociedades de SARETEC SURVEY IBERICA SAU y que los Usuarios se puedan beneficiar del acceso a sus datos desde cualquiera de ellas, respetando en todo caso la legislaci\u00f3n aplicable sobre protecci\u00f3n de datos de car\u00e1cter personal y sin necesidad de que a los Usuarios les sea comunicada cada primera comunicaci\u00f3n que se efect\u00fae.<\/p>\n<p>Se le informa especialmente de que SARETEC SURVEY IBERICA SAU no toma decisiones automatizadas sobre sus Usuarios.<\/p>\n<p><strong>\u2022 Formulario Canal \u00c9tico:<\/strong><br \/>\nSARETEC SURVEY IBERICA SAU trata los datos que se incluyen en las denuncias que llegan a trav\u00e9s del Canal \u00c9tico de SARETEC SURVEY IBERICA SAU con la finalidad de recibir denuncias, dirimir sobre la procedencia o no de iniciar una investigaci\u00f3n de los hechos denunciados, proteger al informante de represalias y adoptar, en caso necesario, las medidas correctivas oportunas y\/o iniciar acciones legales contra los denunciados y\/o terceros, as\u00ed como para acreditar el buen funcionamiento del Modelo de Compliance y para defender los intereses de SARETEC SURVEY IBERICA SAU. Puede encontrar m\u00e1s informaci\u00f3n en la Pol\u00edtica de Protecci\u00f3n de Datos del Sistema de Gesti\u00f3n de Denuncias<\/p>\n<p>2.3. Asimismo, le informamos que la informaci\u00f3n de las bases de datos podr\u00e1 ser usada con la finalidad de:<\/p>\n<p>\u2022 Ofrecerle una navegaci\u00f3n m\u00e1s personalizada como Usuario de nuestro Sitio Web.<br \/>\n\u2022 Elaborar estad\u00edsticas sobre los pa\u00edses y servidores que visitan m\u00e1s a menudo el Sitio Web. Conocer las horas de mayor afluencia de visitas en el Sitio Web as\u00ed como realizar ajustes<br \/>\n\u2022 precisos para evitar problemas de acceso.<\/p>\n<p>El tratamiento de dichos datos est\u00e1 basado en intereses leg\u00edtimos (RGPD: 6.1 f) Satisfacci\u00f3n de intereses leg\u00edtimos) perseguidos por el responsable del tratamiento o por un tercero, siempre que sobre dichos intereses no prevalezcan los intereses o los derechos y libertades fundamentales del interesado que requieran la protecci\u00f3n de datos personales, en particular cuando el interesado sea un ni\u00f1o.<br \/>\nSe le informa especialmente de que SARETEC SURVEY IBERICA SAU no toma decisiones automatizadas sobre sus Usuarios.<\/p>\n<p><strong>3. ENLACES<\/strong><\/p>\n<p>En el marco de las comunicaciones indicadas en los apartados anteriores, se le informa que el Sitio Web de SARETEC SURVEY IBERICA SAU puede tener enlaces, aplicaciones o funcionalidades compartidas con terceros, como son redes sociales o sistemas de comunicaci\u00f3n on-line.<br \/>\nSARETEC SURVEY IBERICA SAU no se hace responsable de las informaciones que se recojan en dichas aplicaciones, funcionalidades o redes sociales titularidad de terceros al no tener ninguna capacidad de gesti\u00f3n ni control sobre las mismas, siendo de aplicaci\u00f3n los avisos legales y las pol\u00edticas de privacidad que pudieran constar en los sitios web o similares de los terceros, por lo que le recomendamos asegurarse que conoce y est\u00e1 de acuerdo con sus condiciones legales y normas de privacidad antes de continuar con su uso o facilitar cualquier tipo de informaci\u00f3n personal.<\/p>\n<p><strong>4. DERECHOS DE LOS USUARIOS<\/strong><\/p>\n<p>En cualquier momento, Usted podr\u00e1 ejercitar los derechos reconocidos en el RGPD y en particular los derechos de acceso, rectificaci\u00f3n, cancelaci\u00f3n, oposici\u00f3n, supresi\u00f3n y limitaci\u00f3n al tratamiento de sus datos, portabilidad y a no ser objeto de decisiones automatizadas, cuando procedan.<br \/>\nLos derechos referidos en el p\u00e1rrafo precedente podr\u00e1n ejercitarse a trav\u00e9s del env\u00edo de una solicitud a madrid@saretec.es o a la direcci\u00f3n Ps de la Castellana 143 6\u00ba D 28046 Madrid, aportando copia de su DNI u otro documento que acredite su identidad y especificando en su solicitud cu\u00e1l de estos derechos quiere que sea satisfecho.<br \/>\nEn caso de que actuara mediante representante, deber\u00e1 aportar tambi\u00e9n documento que acredite la representaci\u00f3n y documento identificativo del mismo.<br \/>\nPuede consultar los modelos, formularios y m\u00e1s informaci\u00f3n sobre los referidos derechos en la p\u00e1gina oficial de la Agencia Espa\u00f1ola de Protecci\u00f3n de Datos (www.aepd.es).<br \/>\nAsimismo, si Usted ha proporcionado su consentimiento para alg\u00fan tratamiento o finalidad espec\u00edficos, podr\u00e1 retirarlo en cualquier momento.<br \/>\nUsted puede presentar una reclamaci\u00f3n ante la autoridad de control (Agencia Espa\u00f1ola de Protecci\u00f3n de Datos) en caso de que considere que se ha vulnerado alguno de sus derechos bajo las vigentes disposiciones legales. No obstante, de cara a darle el mejor servicio, rogamos se<br \/>\nponga en contacto previamente con SARETEC SURVEY IBERICA SAU por los canales de atenci\u00f3n indicados anteriormente, con objeto de poder atender m\u00e1s \u00e1gilmente su solicitud y aclararle las dudas que pudieran surgirle.<\/p>\n<p><strong>5. RESPONSABILIDAD DE LOS USUARIOS DEL SITIO WEB POR USO Y CONTENIDO<\/strong><\/p>\n<p>Tanto el acceso al Sitio Web como el uso que pueda realizarse de la informaci\u00f3n y contenidos incluidos en el mismo ser\u00e1 de exclusiva responsabilidad de quien lo realice.<br \/>\nPor tanto, el uso que pueda hacerse de la informaci\u00f3n, im\u00e1genes, contenidos y\/o productos rese\u00f1ados y accesibles a trav\u00e9s del Sitio Web estar\u00e1 supeditado a la legalidad aplicable, sea nacional o internacional, as\u00ed como a los principios de buena fe y uso l\u00edcito por parte de los Usuarios, quienes estar\u00e1n obligados a hacer un uso razonable de los servicios o contenidos bajo el principio de buena fe y con respeto a la legalidad vigente, a la moral, al orden p\u00fablico, a las buenas costumbres y a los derechos de terceros o de SARETEC SURVEY IBERICA SAU.<br \/>\nEn este sentido, el Usuario es el responsable de la autenticidad de los datos aportados, comprometi\u00e9ndose a que sean exactos, actuales y completos para la finalidad que sean recogidos, asumiendo la responsabilidad de los da\u00f1os y perjuicios, tanto por lucro cesante como por da\u00f1o emergente, que se pudieran generar por dichas inexactitudes o falsedades.<br \/>\nAsimismo, si los datos aportados en los correspondientes formularios fueran titular de un tercero, el Usuario se hace \u00fanico responsable de la correcta captaci\u00f3n del consentimiento e informaci\u00f3n al tercero sobre los aspectos reflejados en el aviso legal y en la pol\u00edtica de privacidad del Sitio Web.<\/p>\n<p><strong>6. EXCLUSI\u00d3N DE RESPONSABILIDAD DE SARETEC SURVEY IBERICA SAU<\/strong><\/p>\n<p>SARETEC SURVEY IBERICA SAU utilizar\u00e1 dispositivos de almacenamiento y recuperaci\u00f3n de datos (\u201cCookies\u201d) cuando el Usuario haya dado su consentimiento previo para ello de acuerdo con lo que se indica en la ventana emergente del navegador del Usuario cuando accede por primera vez al Sitio Web y en los dem\u00e1s t\u00e9rminos y condiciones que se indican en la Pol\u00edtica de Cookies de SARETEC SURVEY IBERICA SAU que todo Usuario debe conocer.<\/p>\n<p><strong>7. COOKIES<\/strong><\/p>\n<p>SARETEC SURVEY IBERICA SAU utilizar\u00e1 dispositivos de almacenamiento y recuperaci\u00f3n de datos (\u201cCookies\u201d) cuando el Usuario haya dado su consentimiento previo para ello de acuerdo con lo que se indica en la ventana emergente del navegador del Usuario cuando accede por primera vez al Sitio Web y en los dem\u00e1s t\u00e9rminos y condiciones que se indican en la Pol\u00edtica de Cookies de SARETEC SURVEY IBERICA SAU que todo Usuario debe conocer.<\/p>\n<p>\u2022 <a href=\"https:\/\/www.saretec.es\/es\/cookie-policy-eu\/\">Pol\u00edtica de Cookies<\/a><\/p>\n<p>&nbsp;<\/p>\n<p><strong>8. MENORES<\/strong><\/p>\n<p>Los menores de edad no podr\u00e1n usar los servicios disponibles a trav\u00e9s del Sitio Web sin la previa autorizaci\u00f3n de sus padres, tutores o representantes legales, quienes ser\u00e1n los \u00fanicos responsables de todos los actos realizados a trav\u00e9s del Sitio Web por los menores a su cargo,<br \/>\nincluyendo la cumplimentaci\u00f3n de los formularios con los datos personales de dichos menores y la marcaci\u00f3n, en su caso, de las casillas que los acompa\u00f1an.<\/p>\n<p><strong>9. MEDIDAS DE SEGURIDAD<\/strong><\/p>\n<p>SARETEC SURVEY IBERICA SAU adopta los niveles de seguridad requeridos por el RGPD adecuados a la naturaleza de los datos que son objeto de tratamiento en cada momento.<br \/>\nNo obstante lo anterior, la seguridad t\u00e9cnica en un medio como internet no es inexpugnable y pueden existir actuaciones dolosas de terceros, si bien SARETEC SURVEY IBERICA SAU pone todos los medios a su alcance para evitar dichas actuaciones.<\/p>\n<p><strong>10. ACTUALIZACI\u00d3N Y REVISI\u00d3N<\/strong><\/p>\n<p>La presente Pol\u00edtica ser\u00e1 revisada y actualizada siempre que sea necesario para adaptarla a nuestras pr\u00e1cticas, servicios y a la normativa que sea de aplicaci\u00f3n en cada momento, por lo que le recomendamos revisar esta Pol\u00edtica cada vez que acceda a nuestro Sitio Web con el objetivo de estar adecuadamente informado sobre c\u00f3mo y para qu\u00e9 tratamos sus datos.[\/vc_column_text][\/vc_column_inner][\/vc_row_inner][\/vc_column][\/vc_row]<\/p>\n<\/div>","protected":false},"excerpt":{"rendered":"<p>[vc_row width=&#8221;no_margin&#8221; h=&#8221;350px&#8221; bb_width=&#8221;1&#8243; bb_color=&#8221;#f2f2f2&#8243; bg_type=&#8221;image&#8221; bg_image_url=&#8221;3727&#8243; bg_position=&#8221;center top&#8221; p_top=&#8221;150&#8243; p_bottom=&#8221;0&#8243; m_bottom=&#8221;0&#8243; v_center=&#8221;yes&#8221;][vc_column width=&#8221;2\/3&#8243;][vc_row_inner][vc_column_inner width=&#8221;1\/6&#8243;][\/vc_column_inner][vc_column_inner width=&#8221;1\/6&#8243; css=&#8221;.vc_custom_1489490930190{margin-right: 0px !important;}&#8221; offset=&#8221;vc_hidden-xs&#8221;][\/vc_column_inner][vc_column_inner width=&#8221;4\/6&#8243;][\/vc_column_inner][\/vc_row_inner][\/vc_column][vc_column width=&#8221;1\/3&#8243;][\/vc_column][\/vc_row][vc_row anchor=&#8221;about-page&#8221; width=&#8221;full&#8221; bg_color_row=&#8221;#ffffff&#8221; p_top=&#8221;80&#8243; p_bottom=&#8221;120&#8243; m_top=&#8221;0&#8243; m_bottom=&#8221;0&#8243;][vc_column][ivan_title title_tag=&#8221;hero&#8221; ico_family=&#8221;custom&#8221; mark=&#8221;yes&#8221; template=&#8221;primary-bg&#8221; c_id=&#8221;.vc_1701852646678&#8243;]POL\u00cdTICA DE PRIVACIDAD DEL SITIO WEB[\/ivan_title][vc_empty_space height=&#8221;40&#8243;][\/vc_column][\/vc_row][vc_row anchor=&#8221;services-page&#8221; width=&#8221;full&#8221; bg_color_row=&#8221;#ffffff&#8221; p_top=&#8221;0&#8243; p_bottom=&#8221;60&#8243; m_bottom=&#8221;0&#8243; css=&#8221;.vc_custom_1537427149552{margin-top: -100px !important;}&#8221;][vc_column][vc_row_inner][vc_column_inner][vc_column_text c_id=&#8221;.vc_1701863731852&#8243;]1. INTRODUCCI\u00d3N La Pol\u00edtica de Privacidad [&hellip;]<\/p>\n","protected":false},"author":1,"featured_media":0,"parent":0,"menu_order":0,"comment_status":"closed","ping_status":"closed","template":"","meta":{"footnotes":""},"class_list":["post-4042","page","type-page","status-publish","hentry","no-thumbnail"],"aioseo_notices":[],"_links":{"self":[{"href":"https:\/\/www.saretec.es\/es\/wp-json\/wp\/v2\/pages\/4042","targetHints":{"allow":["GET"]}}],"collection":[{"href":"https:\/\/www.saretec.es\/es\/wp-json\/wp\/v2\/pages"}],"about":[{"href":"https:\/\/www.saretec.es\/es\/wp-json\/wp\/v2\/types\/page"}],"author":[{"embeddable":true,"href":"https:\/\/www.saretec.es\/es\/wp-json\/wp\/v2\/users\/1"}],"replies":[{"embeddable":true,"href":"https:\/\/www.saretec.es\/es\/wp-json\/wp\/v2\/comments?post=4042"}],"version-history":[{"count":4,"href":"https:\/\/www.saretec.es\/es\/wp-json\/wp\/v2\/pages\/4042\/revisions"}],"predecessor-version":[{"id":4097,"href":"https:\/\/www.saretec.es\/es\/wp-json\/wp\/v2\/pages\/4042\/revisions\/4097"}],"wp:attachment":[{"href":"https:\/\/www.saretec.es\/es\/wp-json\/wp\/v2\/media?parent=4042"}],"curies":[{"name":"wp","href":"https:\/\/api.w.org\/{rel}","templated":true}]}}