{"id":4038,"date":"2023-12-06T09:49:10","date_gmt":"2023-12-06T08:49:10","guid":{"rendered":"https:\/\/www.saretec.es\/?page_id=4038"},"modified":"2023-12-06T12:57:25","modified_gmt":"2023-12-06T11:57:25","slug":"aviso-legal-saretec","status":"publish","type":"page","link":"https:\/\/www.saretec.es\/es\/aviso-legal-saretec\/","title":{"rendered":"Aviso Legal Saretec"},"content":{"rendered":"<div class=\"wpb-content-wrapper\"><p>[vc_row width=&#8221;no_margin&#8221; h=&#8221;350px&#8221; bb_width=&#8221;1&#8243; bb_color=&#8221;#f2f2f2&#8243; bg_type=&#8221;image&#8221; bg_image_url=&#8221;3727&#8243; bg_position=&#8221;center top&#8221; p_top=&#8221;150&#8243; p_bottom=&#8221;0&#8243; m_bottom=&#8221;0&#8243; v_center=&#8221;yes&#8221;][vc_column width=&#8221;2\/3&#8243;][vc_row_inner][vc_column_inner width=&#8221;1\/6&#8243;][\/vc_column_inner][vc_column_inner width=&#8221;1\/6&#8243; css=&#8221;.vc_custom_1489490930190{margin-right: 0px !important;}&#8221; offset=&#8221;vc_hidden-xs&#8221;][\/vc_column_inner][vc_column_inner width=&#8221;4\/6&#8243;][\/vc_column_inner][\/vc_row_inner][\/vc_column][vc_column width=&#8221;1\/3&#8243;][\/vc_column][\/vc_row][vc_row anchor=&#8221;about-page&#8221; width=&#8221;full&#8221; bg_color_row=&#8221;#ffffff&#8221; p_top=&#8221;80&#8243; p_bottom=&#8221;120&#8243; m_top=&#8221;0&#8243; m_bottom=&#8221;0&#8243;][vc_column][ivan_title title_tag=&#8221;hero&#8221; ico_family=&#8221;custom&#8221; mark=&#8221;yes&#8221; template=&#8221;primary-bg&#8221; c_id=&#8221;.vc_1701852603776&#8243;]Aviso Legal Saretec [\/ivan_title][vc_empty_space height=&#8221;40&#8243;][\/vc_column][\/vc_row][vc_row anchor=&#8221;services-page&#8221; width=&#8221;full&#8221; bg_color_row=&#8221;#ffffff&#8221; p_top=&#8221;0&#8243; p_bottom=&#8221;60&#8243; m_bottom=&#8221;0&#8243; css=&#8221;.vc_custom_1537427149552{margin-top: -100px !important;}&#8221;][vc_column][vc_row_inner][vc_column_inner][vc_column_text c_id=&#8221;.vc_1701863617841&#8243;]<strong>Aviso Legal<\/strong><br \/>\nIdentificaci\u00f3n y Propiedad De acuerdo con lo establecido en el art\u00edculo 10 de la Ley 34\/2002, de 11 de julio, de Servicios de la Sociedad de la Informaci\u00f3n y Comercio Electr\u00f3nico, se informa al usuario de que el dominio saretec.es pertenece, como titular, a:<\/p>\n<p><strong>SARETEC SURVEY IBERICA SAU <\/strong><\/p>\n<p><strong>NIF:<\/strong> A83670893 Ps. De la Castellana 143 6\u00ba D 28046 Madrid Inscrita en el Registro Mercantil de Madrid, tomo 18.958, folio 54, hoja M-331080, inscripci\u00f3n 8.<\/p>\n<p><strong>Condiciones de Uso<\/strong><\/p>\n<p>El uso de este sitio web est\u00e1 regido por las presentes condiciones, incluyendo los contenidos y servicios puestos a disposici\u00f3n de los usuarios. SARETEC SURVEY IBERICA SAU le solicita que lea detenidamente estas condiciones, ya que contienen toda la informaci\u00f3n relativa a sus derechos y obligaciones.<br \/>\nDebe tener en cuenta que el simple acceso al sitio web le considerar\u00e1 un \u201cusuario\u201d del mismo y, por lo tanto, aceptar\u00e1 expresamente, de forma autom\u00e1tica y voluntaria, las condiciones vigentes en todo momento. Si no desea aceptarlas, se le aconseja que no contin\u00fae utilizando el sitio web. Cabe se\u00f1alar que el acceso a Saretec.es es gratuito y no requiere suscripci\u00f3n ni registro previo.<br \/>\nAsimismo, Saretec Survey Iberica SAU se reserva el derecho de modificar unilateralmente, en cualquier momento y sin previo aviso, la estructura y dise\u00f1o del sitio web, as\u00ed como los servicios o contenidos. En estas mismas condiciones, durante las tareas de modificaci\u00f3n, reparaci\u00f3n, actualizaci\u00f3n o mejora, el acceso al sitio web puede ser suspendido.<br \/>\nPuede ocurrir que, como resultado de las modificaciones en el sitio web descritas en el p\u00e1rrafo anterior, se incluyan nuevos contenidos o servicios que, adem\u00e1s de estar sujetos a estas condiciones de uso generales, tambi\u00e9n est\u00e9n sujetos a condiciones espec\u00edficas o especiales que ampl\u00eden o reemplacen las presentes. En caso de discrepancia entre las condiciones generales y las condiciones particulares, prevalecer\u00e1n las disposiciones de estas \u00faltimas.<\/p>\n<p><strong>Obligaciones y Responsabilidades de los Usuarios<\/strong><\/p>\n<p>Al utilizar este sitio web, el usuario se compromete a no infringir la legislaci\u00f3n vigente, la buena fe, los usos generalmente aceptados y el orden p\u00fablico en el uso de este sitio web, quedando prohibido su uso para fines il\u00edcitos, enga\u00f1osos, maliciosos o perjudiciales para Saretec Survey Iberica SAU o terceros. Por lo tanto, el uso debe ser adecuado y correcto, y el usuario debe abstenerse de cualquier comportamiento que perjudique la imagen, los intereses y\/o los derechos de Saretec Survey Iberica SAU \/o terceros, o que da\u00f1e, desactive o sobrecargue el sitio web. Del mismo modo, el usuario debe abstenerse de acceder, utilizar y\/o manipular los datos de Saretec Survey Iberica SAU.<br \/>\nEl usuario se compromete a proporcionar informaci\u00f3n veraz en sus comunicaciones con Saretec Survey Iberica SAU, siendo el \u00fanico responsable de los da\u00f1os que puedan causarse por dicha informaci\u00f3n, inexacta o falsa, tanto a Survey Iberica SAU como a terceros.<br \/>\nSurvey Iberica SAU adopta medidas de seguridad razonablemente adecuadas para detectar la presencia de virus. Sin embargo, debe tenerse en cuenta que las medidas de seguridad de los<br \/>\nsistemas inform\u00e1ticos no son totalmente fiables y, por lo tanto, Survey Iberica SAU no puede garantizar la ausencia de virus u otros elementos que puedan afectar a los sistemas inform\u00e1ticos, documentos y\/o archivos de los usuarios. Se solicita a los usuarios que se abstengan de introducir o difundir virus inform\u00e1ticos o sistemas f\u00edsicos o l\u00f3gicos que puedan causar da\u00f1os a Survey Iberica SAU o a terceros.<br \/>\nSurvey Iberica SAU se reserva el derecho de emprender las acciones legales necesarias para la defensa de sus intereses o de suspender temporalmente, sin previo aviso, el acceso al sitio web para operaciones de mantenimiento, reparaci\u00f3n, actualizaci\u00f3n o mejora.<\/p>\n<p><strong>Propiedad Intelectual e Industrial. Aceptaci\u00f3n de Backlinks \/ Hiperv\u00ednculos<\/strong><\/p>\n<p><strong>Autorizaci\u00f3n de Reproducci\u00f3n de Fotograf\u00edas<\/strong><\/p>\n<p>Los contenidos, fotograf\u00edas, videos, dibujos, textos, gr\u00e1ficos, logotipos, \u00edconos, botones, software, nombres comerciales, marcas u otros signos susceptibles de utilizaci\u00f3n comercial o industrial presentes en el sitio web son propiedad de Survey Iberica SAU, o de terceros titulares que hayan autorizado debidamente su inclusi\u00f3n en el sitio web o en cualquier red social en la que Survey Iberica SAU est\u00e9 presente, salvo indicaci\u00f3n expresa en contrario, y est\u00e1n protegidos, entre otros, por la propiedad intelectual e industrial nacional e internacional.<br \/>\nSe proh\u00edbe la reproducci\u00f3n de este sitio web, as\u00ed como de cualquier contenido del mismo, sin la autorizaci\u00f3n expresa y por escrito de Survey Iberica SAU. Sin perjuicio, el usuario tendr\u00e1 derecho a crear enlaces a la p\u00e1gina del sitio web para uso privado y no comercial bajo diferentes condiciones, reserv\u00e1ndose Survey Iberica SAU el derecho de solicitar en cualquier momento la eliminaci\u00f3n inmediata de cualquier enlace al sitio web. Las condiciones son las siguientes:<br \/>\nEs un derecho revocable y no exclusivo. No puede dar a entender que Survey Iberica SAU recomienda este sitio web, sus servicios o productos, ni representar falsamente su relaci\u00f3n. No debe incluir contenido que se considere de mal gusto, obsceno, ofensivo, controvertido, incitante a la violencia o discriminaci\u00f3n por g\u00e9nero, raza o religi\u00f3n, contrario al orden p\u00fablico o ilegal. El enlace debe dirigirse al sitio web, sin reproducirlo como parte del sitio web o en cualquiera de sus marcos, ni crear un navegador en ninguna de las p\u00e1ginas del sitio web.<br \/>\nSurvey Iberica SAU no puede controlar la informaci\u00f3n, contenido, productos o servicios proporcionados por otros sitios web que hayan establecido enlaces con el sitio web. Por lo tanto, no es responsable de ning\u00fan aspecto relacionado con estos sitios.<br \/>\nSurvey Iberica SAU es una marca registrada y queda prohibida la reproducci\u00f3n, imitaci\u00f3n, uso o inserci\u00f3n de estas marcas sin nuestra autorizaci\u00f3n.<\/p>\n<p><strong>Responsabilidad de la Empresa<\/strong><\/p>\n<p>Survey Iberica SAU no se hace responsable de los problemas resultantes del mal funcionamiento o uso de versiones no optimizadas de cualquier tipo de navegador, ni de los derivados de interrupciones prolongadas en el suministro el\u00e9ctrico, l\u00edneas de telecomunicaciones, conflictos laborales, huelgas, explosiones, inundaciones, actos y omisiones del gobierno y, en general, de todos los casos de fuerza mayor o caso fortuito.<br \/>\nEl acceso al sitio web y el uso que pueda hacerse de la informaci\u00f3n que contiene son responsabilidad exclusiva del usuario. Por lo tanto, Survey Iberica SAU no se hace responsable de las consecuencias que puedan derivarse de dicho uso o acceso a la informaci\u00f3n y solo proceder\u00e1 a la eliminaci\u00f3n, en el plazo m\u00e1s breve posible, de los contenidos que puedan<br \/>\ngenerar alg\u00fan da\u00f1o o perjuicio, siempre que se le informe o tenga conocimiento efectivo de ello.<br \/>\nSurvey Iberica SAU no se hace responsable de posibles errores de seguridad que puedan ocurrir ni de los da\u00f1os causados al sistema inform\u00e1tico del usuario, los archivos o documentos almacenados en \u00e9l, cuando sean causados por un virus proveniente del ordenador del usuario, un mal funcionamiento del navegador o el uso de versiones no actualizadas del mismo, fallos telef\u00f3nicos, interferencias, omisiones o desconexiones en el funcionamiento del sistema electr\u00f3nico por causas ajenas a la voluntad de Survey Iberica SAU .<\/p>\n<p><strong>Resoluci\u00f3n de Disputas.<\/strong><\/p>\n<p>Ley Aplicable y Jurisdicci\u00f3n Las partes acuerdan expresamente que el presente contrato se regir\u00e1 e interpretar\u00e1, en todos sus t\u00e9rminos y condiciones, de conformidad con la legislaci\u00f3n espa\u00f1ola vigente.<br \/>\nLas partes se someten expresamente, para cualquier cuesti\u00f3n o controversia que pueda derivarse de la interpretaci\u00f3n, ejecuci\u00f3n y cumplimiento del presente contrato, a la jurisdicci\u00f3n y competencia de los juzgados y tribunales correspondientes al domicilio del consumidor o usuario o a los del lugar de cumplimiento de la obligaci\u00f3n contractual.<\/p>\n<p>\u2022 <a href=\"https:\/\/www.saretec.es\/es\/aviso-legal-saretec\/\" target=\"_blank\" rel=\"noopener\">Aviso Legal<\/a><\/p>\n<p>\u2022 <a href=\"https:\/\/www.saretec.es\/es\/politica-de-privacidad\/\" target=\"_blank\" rel=\"noopener\">Pol\u00edtica de Privacidad<\/a><\/p>\n<p>\u2022 <a href=\"https:\/\/www.saretec.es\/es\/politica-de-privacidad-del-sitio-web\/\" target=\"_blank\" rel=\"noopener\">Pol\u00edtica de Privacidad del sitio web<\/a><\/p>\n<p>\u2022 <a href=\"https:\/\/www.saretec.es\/es\/cookie-policy-eu\/\">Pol\u00edtica de Cookies<\/a><\/p>\n<p>Si no est\u00e1 de acuerdo con cada uno de estos t\u00e9rminos y condiciones, le rogamos que se abstenga de utilizar este sitio web. El acceso a este sitio web no implica en ning\u00fan caso el inicio de una relaci\u00f3n comercial con Survey Iberica SAU<br \/>\nA trav\u00e9s de este sitio web, el titular le permite acceder y utilizar diversos contenidos que el titular o sus colaboradores han publicado en Internet.<br \/>\nA tal efecto, tiene la obligaci\u00f3n y el compromiso de NO utilizar los contenidos del sitio web con fines o efectos il\u00edcitos, prohibidos en este aviso legal o por la ley, perjudiciales de los derechos e intereses de terceros, o que de cualquier forma puedan da\u00f1ar, desactivar, sobrecargar, deteriorar o impedir la normal utilizaci\u00f3n de los contenidos, los equipos inform\u00e1ticos o los documentos, archivos y todo tipo de contenido almacenados en cualquier equipo inform\u00e1tico propiedad o contratado por Survey Iberica SAU, por otros usuarios o por cualquier usuario de Internet.<\/p>\n<p><strong>Medidas de Seguridad<\/strong><\/p>\n<p>Los datos personales que usted proporcione al Titular pueden ser almacenados en bases de datos automatizadas o no, cuya propiedad corresponde exclusivamente a Survey Iberica SAU, quien asume todas las medidas t\u00e9cnicas, organizativas y de seguridad que garanticen la confidencialidad, integridad y calidad de la informaci\u00f3n contenida en dichas bases, de acuerdo con lo establecido en la legislaci\u00f3n vigente en materia de protecci\u00f3n de datos.<br \/>\nNo obstante, debe tener en cuenta que las medidas de seguridad de los sistemas inform\u00e1ticos en Internet no son del todo fiables y, por tanto, el titular no puede garantizar la ausencia de virus u otros elementos que puedan provocar alteraciones en los sistemas inform\u00e1ticos del usuario (software y hardware) o en sus documentos electr\u00f3nicos y ficheros contenidos en los mismos, aunque el titular realice todos los esfuerzos y tome las medidas de seguridad necesarias para evitar la presencia de estos elementos perjudiciales.<\/p>\n<p><strong>Datos Personales<\/strong><\/p>\n<p>Puede consultar toda la informaci\u00f3n relativa al tratamiento de datos personales recopilados por el responsable del tratamiento en la p\u00e1gina de Pol\u00edtica de Privacidad.<\/p>\n<p><strong>Contenido<\/strong><\/p>\n<p>El titular ha obtenido la informaci\u00f3n, contenidos multimedia y materiales incluidos en el sitio web de fuentes que considera fiables, pero aunque ha tomado todas las medidas razonables para asegurarse de que la informaci\u00f3n contenida es correcta, el titular no garantiza que sea exacta, completa o actualizada. Survey Iberica SAU declina expresamente toda responsabilidad por errores u omisiones en la informaci\u00f3n contenida en las p\u00e1ginas de este sitio web.<br \/>\nQueda prohibido transmitir o enviar a trav\u00e9s del sitio web cualquier contenido ilegal o il\u00edcito, virus inform\u00e1ticos o mensajes que, en general, afecten o violen los derechos del titular o de terceros.<br \/>\nEl contenido del sitio web https:\/\/saretec.es\/ tiene un car\u00e1cter puramente informativo y no debe ser utilizado ni considerado en ning\u00fan caso como una oferta de venta, una solicitud de oferta de compra o una recomendaci\u00f3n para realizar cualquier otra transacci\u00f3n, salvo menci\u00f3n expresa.<br \/>\nSurvey Iberica SAU se reserva el derecho de modificar, suspender, cancelar o restringir el contenido de https:\/\/saretec.es\/, los enlaces o la informaci\u00f3n obtenida a trav\u00e9s del sitio web, sin previo aviso.<br \/>\nSurvey Iberica SAU. no se hace responsable de los da\u00f1os que puedan resultar del uso de la informaci\u00f3n contenida en el sitio web.<\/p>\n<p><strong>Pol\u00edtica de Cookies<\/strong><\/p>\n<p>En la p\u00e1gina de Pol\u00edtica de Cookies, puede consultar toda la informaci\u00f3n relativa a la pol\u00edtica de recopilaci\u00f3n y tratamiento de cookies.<\/p>\n<p><strong>Enlaces a Otros Sitios Web <\/strong><\/p>\n<p>El Titular puede proporcionar acceso a sitios web de terceros a trav\u00e9s de enlaces con el \u00fanico prop\u00f3sito de informarle sobre la existencia de otras fuentes de informaci\u00f3n en Internet donde puede ampliar la informaci\u00f3n ofrecida en el sitio web.<br \/>\nEstos enlaces a otros sitios web no constituyen en ning\u00fan caso una sugerencia o recomendaci\u00f3n de visitar los sitios web de destino, que est\u00e1n fuera del control del Titular, por lo que Survey Iberica SAU no se hace responsable del contenido de los sitios web enlazados ni del resultado que obtenga al seguir los enlaces.<br \/>\nAsimismo, Survey Iberica SAU no se hace responsable de los enlaces situados en los sitios web a los que da acceso.<br \/>\nEl establecimiento del enlace no implica en ning\u00fan caso la existencia de una relaci\u00f3n entre Survey Iberica SAU y el propietario del sitio donde se establece el enlace, ni la aceptaci\u00f3n o aprobaci\u00f3n por parte del titular de sus contenidos o servicios.<br \/>\nSi accede a un sitio web externo desde un enlace encontrado en https:\/\/saretec.es\/, debe leer la pol\u00edtica de privacidad del otro sitio web, que puede ser diferente de la de este sitio web.<\/p>\n<p><strong>Propiedad Intelectual e Industrial. Todos los derechos reservados.<\/strong><\/p>\n<p>Cualquier acceso a este sitio web est\u00e1 sujeto a las siguientes condiciones: se proh\u00edbe expresamente la reproducci\u00f3n, el almacenamiento permanente y la difusi\u00f3n de contenidos o<br \/>\ncualquier otro uso con fines p\u00fablicos o comerciales sin el consentimiento previo y por escrito de Survey Iberica SAU.<br \/>\nSurvey Iberica SAU declina cualquier responsabilidad en caso de interrupci\u00f3n o mal funcionamiento de los servicios o contenidos ofrecidos en Internet, cualquiera que sea su causa. Del mismo modo, el Titular no se hace responsable de las ca\u00eddas de red, p\u00e9rdidas de negocio a consecuencia de dichas ca\u00eddas, cortes de energ\u00eda temporales ni de cualquier otro da\u00f1o indirecto que pueda ser causado por causas ajenas al control del Titular.<br \/>\nAntes de tomar decisiones y\/o emprender acciones basadas en la informaci\u00f3n contenida en el sitio web, el Titular le recomienda que verifique y contraste la informaci\u00f3n recibida con otras fuentes.<\/p>\n<p><strong>Jurisdicci\u00f3n<\/strong><\/p>\n<p>El presente aviso legal se rige \u00edntegramente por la legislaci\u00f3n espa\u00f1ola.<\/p>\n<p><strong>Contacto<\/strong><\/p>\n<p>Si tiene alguna pregunta sobre estas condiciones legales o desea realizar comentarios sobre este sitio web, puede enviar un correo electr\u00f3nico a madrid@saretec.es.[\/vc_column_text][\/vc_column_inner][\/vc_row_inner][\/vc_column][\/vc_row]<\/p>\n<\/div>","protected":false},"excerpt":{"rendered":"<p>[vc_row width=&#8221;no_margin&#8221; h=&#8221;350px&#8221; bb_width=&#8221;1&#8243; bb_color=&#8221;#f2f2f2&#8243; bg_type=&#8221;image&#8221; bg_image_url=&#8221;3727&#8243; bg_position=&#8221;center top&#8221; p_top=&#8221;150&#8243; p_bottom=&#8221;0&#8243; m_bottom=&#8221;0&#8243; v_center=&#8221;yes&#8221;][vc_column width=&#8221;2\/3&#8243;][vc_row_inner][vc_column_inner width=&#8221;1\/6&#8243;][\/vc_column_inner][vc_column_inner width=&#8221;1\/6&#8243; css=&#8221;.vc_custom_1489490930190{margin-right: 0px !important;}&#8221; offset=&#8221;vc_hidden-xs&#8221;][\/vc_column_inner][vc_column_inner width=&#8221;4\/6&#8243;][\/vc_column_inner][\/vc_row_inner][\/vc_column][vc_column width=&#8221;1\/3&#8243;][\/vc_column][\/vc_row][vc_row anchor=&#8221;about-page&#8221; width=&#8221;full&#8221; bg_color_row=&#8221;#ffffff&#8221; p_top=&#8221;80&#8243; p_bottom=&#8221;120&#8243; m_top=&#8221;0&#8243; m_bottom=&#8221;0&#8243;][vc_column][ivan_title title_tag=&#8221;hero&#8221; ico_family=&#8221;custom&#8221; mark=&#8221;yes&#8221; template=&#8221;primary-bg&#8221; c_id=&#8221;.vc_1701852603776&#8243;]Aviso Legal Saretec [\/ivan_title][vc_empty_space height=&#8221;40&#8243;][\/vc_column][\/vc_row][vc_row anchor=&#8221;services-page&#8221; width=&#8221;full&#8221; bg_color_row=&#8221;#ffffff&#8221; p_top=&#8221;0&#8243; p_bottom=&#8221;60&#8243; m_bottom=&#8221;0&#8243; css=&#8221;.vc_custom_1537427149552{margin-top: -100px !important;}&#8221;][vc_column][vc_row_inner][vc_column_inner][vc_column_text c_id=&#8221;.vc_1701863617841&#8243;]Aviso Legal Identificaci\u00f3n y Propiedad De acuerdo con [&hellip;]<\/p>\n","protected":false},"author":1,"featured_media":0,"parent":0,"menu_order":0,"comment_status":"closed","ping_status":"closed","template":"","meta":{"footnotes":""},"class_list":["post-4038","page","type-page","status-publish","hentry","no-thumbnail"],"aioseo_notices":[],"_links":{"self":[{"href":"https:\/\/www.saretec.es\/es\/wp-json\/wp\/v2\/pages\/4038","targetHints":{"allow":["GET"]}}],"collection":[{"href":"https:\/\/www.saretec.es\/es\/wp-json\/wp\/v2\/pages"}],"about":[{"href":"https:\/\/www.saretec.es\/es\/wp-json\/wp\/v2\/types\/page"}],"author":[{"embeddable":true,"href":"https:\/\/www.saretec.es\/es\/wp-json\/wp\/v2\/users\/1"}],"replies":[{"embeddable":true,"href":"https:\/\/www.saretec.es\/es\/wp-json\/wp\/v2\/comments?post=4038"}],"version-history":[{"count":5,"href":"https:\/\/www.saretec.es\/es\/wp-json\/wp\/v2\/pages\/4038\/revisions"}],"predecessor-version":[{"id":4098,"href":"https:\/\/www.saretec.es\/es\/wp-json\/wp\/v2\/pages\/4038\/revisions\/4098"}],"wp:attachment":[{"href":"https:\/\/www.saretec.es\/es\/wp-json\/wp\/v2\/media?parent=4038"}],"curies":[{"name":"wp","href":"https:\/\/api.w.org\/{rel}","templated":true}]}}