{"id":3805,"date":"2019-01-18T12:14:29","date_gmt":"2019-01-18T11:14:29","guid":{"rendered":"https:\/\/wp.survey.es.emyl-design.eu\/?page_id=3805"},"modified":"2019-01-18T15:57:13","modified_gmt":"2019-01-18T14:57:13","slug":"about-es","status":"publish","type":"page","link":"https:\/\/www.saretec.es\/es\/about-es\/","title":{"rendered":"Sobre nosotros"},"content":{"rendered":"<div class=\"wpb-content-wrapper\"><p>[vc_row width=&#8221;no_margin&#8221; h=&#8221;350px&#8221; bb_width=&#8221;1&#8243; bb_color=&#8221;#f2f2f2&#8243; bg_type=&#8221;image&#8221; bg_image_url=&#8221;3678&#8243; bg_position=&#8221;center top&#8221; p_top=&#8221;150&#8243; p_bottom=&#8221;0&#8243; m_bottom=&#8221;0&#8243; v_center=&#8221;yes&#8221;][vc_column width=&#8221;2\/3&#8243;][vc_row_inner][vc_column_inner width=&#8221;1\/6&#8243;][\/vc_column_inner][vc_column_inner width=&#8221;1\/6&#8243; css=&#8221;.vc_custom_1489490930190{margin-right: 0px !important;}&#8221; offset=&#8221;vc_hidden-xs&#8221;][\/vc_column_inner][vc_column_inner width=&#8221;4\/6&#8243;][\/vc_column_inner][\/vc_row_inner][\/vc_column][vc_column width=&#8221;1\/3&#8243;][\/vc_column][\/vc_row][vc_row anchor=&#8221;about-page&#8221; width=&#8221;full&#8221; bg_color_row=&#8221;#ffffff&#8221; p_top=&#8221;120&#8243; p_bottom=&#8221;120&#8243; m_top=&#8221;0&#8243; m_bottom=&#8221;0&#8243;][vc_column][ivan_title title_tag=&#8221;hero&#8221; mark=&#8221;yes&#8221; template=&#8221;primary-bg&#8221; c_id=&#8221;.vc_1547818220726&#8243;]Sobre Nosotros[\/ivan_title][vc_row_inner p_top=&#8221;40&#8243;][vc_column_inner width=&#8221;1\/4&#8243;][\/vc_column_inner][vc_column_inner width=&#8221;1\/4&#8243;][vc_column_text css_animation=&#8221;fadeInLeft&#8221; c_id=&#8221;.vc_1547818163104&#8243;]La empresa fue creada para prestar servicios especializados en peritaci\u00f3n de siniestros para mercanc\u00edas y n\u00e1uticos, as\u00ed como en prevenci\u00f3n de p\u00e9rdidas, especialmente enfocados a aseguradoras y brokers.<br \/>\nTras casi 45 a\u00f1os de actividad, la empresa se ha labrado una s\u00f3lida reputaci\u00f3n y reconocimiento por su gran profesionalidad, sus altos conocimientos t\u00e9cnicos y sus servicios de primera calidad entre sus clientes.[\/vc_column_text][\/vc_column_inner][vc_column_inner width=&#8221;1\/4&#8243;][vc_single_image image=&#8221;3496&#8243; css_animation=&#8221;fadeInRight&#8221;][\/vc_column_inner][vc_column_inner width=&#8221;1\/4&#8243;][\/vc_column_inner][\/vc_row_inner][\/vc_column][\/vc_row][vc_row width=&#8221;full&#8221; bg_type=&#8221;image&#8221; bg_image_url=&#8221;3513&#8243; bg_size=&#8221;contain&#8221; bg_att=&#8221;fixed&#8221; overlay=&#8221;rgba(175,190,200,0.84)&#8221; p_top=&#8221;50&#8243; v_center=&#8221;yes&#8221;][vc_column css_animation=&#8221;none&#8221;][vc_row_inner bg_type=&#8221;parallax&#8221; bg_image_url=&#8221;3620&#8243; p_speed=&#8221;1.5&#8243;][vc_column_inner][ivan_title title_tag=&#8221;hero&#8221; mark=&#8221;yes&#8221; template=&#8221;primary-bg&#8221; c_id=&#8221;.vc_1547823430429&#8243;]Historia[\/ivan_title][\/vc_column_inner][\/vc_row_inner][vc_column_text c_id=&#8221;.vc_1537449895542&#8243;]\t\t\t<!-- Cool Timeline Free V3.3.1 -->\n\t\t\t<div class=\"ctl-wrapper\" role=\"region\" aria-label=\"Timeline\">\n\t\t\t\t\t\t\t\t<div id=\"cool_timeline_1\" class=\"cool-timeline-wrapper ctl-both-sided ctl-vertical-wrapper\" >\n\t\t\t\t\t<div class=\"ctl-start\"><\/div>\n\t\t\t\t\t<!-- Timeline Container -->\n\t\t\t\t\t<div class=\"ctl-timeline ctl-timeline-container\" data-animation=\"fadeInUp\">\n\t\t\t\t\t\t<!-- Center Line -->\n\t\t\t\t\t\t<div class=\"ctl-inner-line\" role=\"presentation\"><\/div>\n\t\t\t\t\t\t\t\t\t\t\t\t<!-- Timeline Content --><div  id=\"ctl-story-3829\" class=\"ctl-story ctl-story-icon odd ctl-story-right\" data-aos=\"fadeInUp\"   data-story-index=\"1\" role=\"article\"><!-- Story Date --><div class=\"ctl-labels\"><div class=\"ctl-label-big story-date\">2009<\/div><\/div><!-- Story Icon --><div class=\"ctl-icon\"><i class=\"fa fa-clock-o\" aria-hidden=\"true\"><\/i><\/div> <!-- Story Arrow --><div class=\"ctl-arrow\"><\/div><!-- Story Content --><div class=\"ctl-content\"><!-- Story Title --><div class=\"ctl-title story-3829\" aria-label=\"2\">Tras unos cuantos tr\u00e1mites realizados por le empresa, se empez\u00f3 a utilizar el nombre de Saretec Survey Iberica en Espa\u00f1a a partir del 1 de julio de 2009. Su personal, sus direcciones y sus tel\u00e9fonos de contacto, incluidos sus n\u00fameros para emergencias, no cambiaron.<\/div><\/div><\/div><!-- Timeline Content --><div  id=\"ctl-story-3830\" class=\"ctl-story ctl-story-icon even ctl-story-left\" data-aos=\"fadeInUp\"   data-story-index=\"2\" role=\"article\"><!-- Story Date --><div class=\"ctl-labels\"><div class=\"ctl-label-big story-date\">2004<\/div><\/div><!-- Story Icon --><div class=\"ctl-icon\"><i class=\"fa fa-clock-o\" aria-hidden=\"true\"><\/i><\/div> <!-- Story Arrow --><div class=\"ctl-arrow\"><\/div><!-- Story Content --><div class=\"ctl-content\"><!-- Story Title --><div class=\"ctl-title story-3830\" aria-label=\"2\">En enero de 2004, la empresa se constituy\u00f3 como AM Group Survey Spain, S.A.\u00a0 dentro del grupo SARETEC.<\/div><\/div><\/div><!-- Timeline Content --><div  id=\"ctl-story-3831\" class=\"ctl-story ctl-story-icon odd ctl-story-right\" data-aos=\"fadeInUp\"   data-story-index=\"3\" role=\"article\"><!-- Story Date --><div class=\"ctl-labels\"><div class=\"ctl-label-big story-date\">2002<\/div><\/div><!-- Story Icon --><div class=\"ctl-icon\"><i class=\"fa fa-clock-o\" aria-hidden=\"true\"><\/i><\/div> <!-- Story Arrow --><div class=\"ctl-arrow\"><\/div><!-- Story Content --><div class=\"ctl-content\"><!-- Story Title --><div class=\"ctl-title story-3831\" aria-label=\"2\">En noviembre de 2002, el nombre de la empresa cambi\u00f3 a Cargo Solutions Inc. El cambio fue registrado en el Registro Mercantil espa\u00f1ol.<\/div><\/div><\/div><!-- Timeline Content --><div  id=\"ctl-story-3832\" class=\"ctl-story ctl-story-icon even ctl-story-left\" data-aos=\"fadeInUp\"   data-story-index=\"4\" role=\"article\"><!-- Story Date --><div class=\"ctl-labels\"><div class=\"ctl-label-big story-date\">2000<\/div><\/div><!-- Story Icon --><div class=\"ctl-icon\"><i class=\"fa fa-clock-o\" aria-hidden=\"true\"><\/i><\/div> <!-- Story Arrow --><div class=\"ctl-arrow\"><\/div><!-- Story Content --><div class=\"ctl-content\"><!-- Story Title --><div class=\"ctl-title story-3832\" aria-label=\"2\">En marzo de 2000 y tras la adquisici\u00f3n de CIGNA Insurance Company por parte de ACE Insurance, ESIS International, Inc. fue vendida al Cargo Solutions Group, con base en el Reino Unido.<\/div><\/div><\/div><!-- Timeline Content --><div  id=\"ctl-story-3833\" class=\"ctl-story ctl-story-icon odd ctl-story-right\" data-aos=\"fadeInUp\"   data-story-index=\"5\" role=\"article\"><!-- Story Date --><div class=\"ctl-labels\"><div class=\"ctl-label-big story-date\">1982<\/div><\/div><!-- Story Icon --><div class=\"ctl-icon\"><i class=\"fa fa-clock-o\" aria-hidden=\"true\"><\/i><\/div> <!-- Story Arrow --><div class=\"ctl-arrow\"><\/div><!-- Story Content --><div class=\"ctl-content\"><!-- Story Title --><div class=\"ctl-title story-3833\" aria-label=\"2\">En mayo de 1982, el nombre de la empresa cambi\u00f3 a ESIS International, Inc., el cual se registr\u00f3 en el Registro Mercantil espa\u00f1ol.<\/div><\/div><\/div><!-- Timeline Content --><div  id=\"ctl-story-3834\" class=\"ctl-story ctl-story-icon even ctl-story-left\" data-aos=\"fadeInUp\"   data-story-index=\"6\" role=\"article\"><!-- Story Date --><div class=\"ctl-labels\"><div class=\"ctl-label-big story-date\">1974<\/div><\/div><!-- Story Icon --><div class=\"ctl-icon\"><i class=\"fa fa-clock-o\" aria-hidden=\"true\"><\/i><\/div> <!-- Story Arrow --><div class=\"ctl-arrow\"><\/div><!-- Story Content --><div class=\"ctl-content\"><!-- Story Title --><div class=\"ctl-title story-3834\" aria-label=\"2\">La empresa fue constituida en Espa\u00f1a en septiembre de 1974 como International Service Corporation, una subsidiaria en propiedad absoluta de CIGNA Insurance Company, cuya sede se encontraba en Filadelfia, PA (EE.\u00a0UU.).<\/div><\/div><\/div>\t\t\t\t\t<\/div>\n\t\t\t\t\t<div class=\"ctl-end\"><\/div>\n\t\t\t\t\t\t\t\t\t<\/div>\n\t\t\t<\/div>\n\t\t\t[\/vc_column_text][\/vc_column][\/vc_row]<\/p>\n<\/div>","protected":false},"excerpt":{"rendered":"<p>[vc_row width=&#8221;no_margin&#8221; h=&#8221;350px&#8221; bb_width=&#8221;1&#8243; bb_color=&#8221;#f2f2f2&#8243; bg_type=&#8221;image&#8221; bg_image_url=&#8221;3678&#8243; bg_position=&#8221;center top&#8221; p_top=&#8221;150&#8243; p_bottom=&#8221;0&#8243; m_bottom=&#8221;0&#8243; v_center=&#8221;yes&#8221;][vc_column width=&#8221;2\/3&#8243;][vc_row_inner][vc_column_inner width=&#8221;1\/6&#8243;][\/vc_column_inner][vc_column_inner width=&#8221;1\/6&#8243; css=&#8221;.vc_custom_1489490930190{margin-right: 0px !important;}&#8221; offset=&#8221;vc_hidden-xs&#8221;][\/vc_column_inner][vc_column_inner width=&#8221;4\/6&#8243;][\/vc_column_inner][\/vc_row_inner][\/vc_column][vc_column width=&#8221;1\/3&#8243;][\/vc_column][\/vc_row][vc_row anchor=&#8221;about-page&#8221; width=&#8221;full&#8221; bg_color_row=&#8221;#ffffff&#8221; p_top=&#8221;120&#8243; p_bottom=&#8221;120&#8243; m_top=&#8221;0&#8243; m_bottom=&#8221;0&#8243;][vc_column][ivan_title title_tag=&#8221;hero&#8221; mark=&#8221;yes&#8221; template=&#8221;primary-bg&#8221; c_id=&#8221;.vc_1547818220726&#8243;]Sobre Nosotros[\/ivan_title][vc_row_inner p_top=&#8221;40&#8243;][vc_column_inner width=&#8221;1\/4&#8243;][\/vc_column_inner][vc_column_inner width=&#8221;1\/4&#8243;][vc_column_text css_animation=&#8221;fadeInLeft&#8221; c_id=&#8221;.vc_1547818163104&#8243;]La empresa fue creada para prestar servicios especializados en peritaci\u00f3n de siniestros para mercanc\u00edas y n\u00e1uticos, as\u00ed [&hellip;]<\/p>\n","protected":false},"author":1,"featured_media":0,"parent":0,"menu_order":0,"comment_status":"closed","ping_status":"closed","template":"","meta":{"footnotes":""},"class_list":["post-3805","page","type-page","status-publish","hentry","no-thumbnail"],"aioseo_notices":[],"_links":{"self":[{"href":"https:\/\/www.saretec.es\/es\/wp-json\/wp\/v2\/pages\/3805","targetHints":{"allow":["GET"]}}],"collection":[{"href":"https:\/\/www.saretec.es\/es\/wp-json\/wp\/v2\/pages"}],"about":[{"href":"https:\/\/www.saretec.es\/es\/wp-json\/wp\/v2\/types\/page"}],"author":[{"embeddable":true,"href":"https:\/\/www.saretec.es\/es\/wp-json\/wp\/v2\/users\/1"}],"replies":[{"embeddable":true,"href":"https:\/\/www.saretec.es\/es\/wp-json\/wp\/v2\/comments?post=3805"}],"version-history":[{"count":5,"href":"https:\/\/www.saretec.es\/es\/wp-json\/wp\/v2\/pages\/3805\/revisions"}],"predecessor-version":[{"id":3854,"href":"https:\/\/www.saretec.es\/es\/wp-json\/wp\/v2\/pages\/3805\/revisions\/3854"}],"wp:attachment":[{"href":"https:\/\/www.saretec.es\/es\/wp-json\/wp\/v2\/media?parent=3805"}],"curies":[{"name":"wp","href":"https:\/\/api.w.org\/{rel}","templated":true}]}}