{"id":3801,"date":"2019-01-18T12:13:32","date_gmt":"2019-01-18T11:13:32","guid":{"rendered":"https:\/\/wp.survey.es.emyl-design.eu\/?page_id=3801"},"modified":"2020-05-06T01:14:06","modified_gmt":"2020-05-05T23:14:06","slug":"terms-es","status":"publish","type":"page","link":"https:\/\/www.saretec.es\/es\/terms-es\/","title":{"rendered":"Terms ES"},"content":{"rendered":"<h3 id=\"tw-target-text\" class=\"tw-data-text tw-text-large tw-ta\" dir=\"ltr\" data-placeholder=\"Traduction\"><span lang=\"es\" style=\"color: #333333;\">Aviso Legal <\/span><\/h3>\n<h4 class=\"tw-data-text tw-text-large tw-ta\" dir=\"ltr\" data-placeholder=\"Traduction\"><span lang=\"es\" style=\"color: #333333;\">Bienvenido a la p\u00e1gina web www.saretec.es (en adelante, el &#8220;Sitio&#8221;). <\/span><\/h4>\n<h4 class=\"tw-data-text tw-text-large tw-ta\" dir=\"ltr\" data-placeholder=\"Traduction\"><span lang=\"es\" style=\"color: #333333;\">1. Editor del sitio<br \/>\nEl Sitio es publicado por la empresa SARETEC SURVEY IBERICA, una empresa p\u00fablica unipersonal con un capital social de 150,000 \u20ac inscrita en el Registro Mercantil de Madrid con el n\u00famero A83670893, cuyo domicilio social se encuentra en Paseo de la Castellana, 143, 28020 Madrid, Espa\u00f1a, representado por el Sr. Alain Gu\u00e8de. N\u00famero de IVA intracomunitario: ES A83670893 Tel\u00e9fono: Tel: + 34 91 571 46 92 Correo electr\u00f3nico: fherrero@saretec.es <\/span><\/h4>\n<h4 class=\"tw-data-text tw-text-large tw-ta\" dir=\"ltr\" data-placeholder=\"Traduction\"><span lang=\"es\" style=\"color: #333333;\">2. Anfitri\u00f3n del sitio<br \/>\nEl sitio est\u00e1 alojado por la compa\u00f1\u00eda Ionos &#8211; 1 &amp; 1, cuya oficina central se encuentra en 7 Place de la Gare, 57200 Sarreguemines. Tel\u00e9fono: +33 (0) 9 70 80 89 11 <\/span><\/h4>\n<h4 class=\"tw-data-text tw-text-large tw-ta\" dir=\"ltr\" data-placeholder=\"Traduction\"><span lang=\"es\" style=\"color: #333333;\">3. Director de publicaci\u00f3n<br \/>\nEl director de la publicaci\u00f3n es Francisco Herrero.<\/span><\/h4>\n","protected":false},"excerpt":{"rendered":"<p>Aviso Legal Bienvenido a la p\u00e1gina web www.saretec.es (en adelante, el &#8220;Sitio&#8221;). 1. Editor del sitio El Sitio es publicado por la empresa SARETEC SURVEY IBERICA, una empresa p\u00fablica unipersonal con un capital social de 150,000 \u20ac inscrita en el Registro Mercantil de Madrid con el n\u00famero A83670893, cuyo domicilio social se encuentra en Paseo [&hellip;]<\/p>\n","protected":false},"author":1,"featured_media":0,"parent":0,"menu_order":0,"comment_status":"closed","ping_status":"closed","template":"","meta":{"footnotes":""},"class_list":["post-3801","page","type-page","status-publish","hentry","no-thumbnail"],"aioseo_notices":[],"_links":{"self":[{"href":"https:\/\/www.saretec.es\/es\/wp-json\/wp\/v2\/pages\/3801","targetHints":{"allow":["GET"]}}],"collection":[{"href":"https:\/\/www.saretec.es\/es\/wp-json\/wp\/v2\/pages"}],"about":[{"href":"https:\/\/www.saretec.es\/es\/wp-json\/wp\/v2\/types\/page"}],"author":[{"embeddable":true,"href":"https:\/\/www.saretec.es\/es\/wp-json\/wp\/v2\/users\/1"}],"replies":[{"embeddable":true,"href":"https:\/\/www.saretec.es\/es\/wp-json\/wp\/v2\/comments?post=3801"}],"version-history":[{"count":6,"href":"https:\/\/www.saretec.es\/es\/wp-json\/wp\/v2\/pages\/3801\/revisions"}],"predecessor-version":[{"id":3978,"href":"https:\/\/www.saretec.es\/es\/wp-json\/wp\/v2\/pages\/3801\/revisions\/3978"}],"wp:attachment":[{"href":"https:\/\/www.saretec.es\/es\/wp-json\/wp\/v2\/media?parent=3801"}],"curies":[{"name":"wp","href":"https:\/\/api.w.org\/{rel}","templated":true}]}}