{"id":3788,"date":"2019-01-18T12:11:15","date_gmt":"2019-01-18T11:11:15","guid":{"rendered":"https:\/\/wp.survey.es.emyl-design.eu\/?page_id=3788"},"modified":"2019-03-28T12:13:14","modified_gmt":"2019-03-28T11:13:14","slug":"loss-prevention-es","status":"publish","type":"page","link":"https:\/\/www.saretec.es\/es\/loss-prevention-es\/","title":{"rendered":"Prevenci\u00f3n de riesgos"},"content":{"rendered":"<div class=\"wpb-content-wrapper\"><p>[vc_row width=&#8221;no_margin&#8221; h=&#8221;350px&#8221; bb_width=&#8221;1&#8243; bb_color=&#8221;#f2f2f2&#8243; bg_type=&#8221;image&#8221; bg_image_url=&#8221;3690&#8243; bg_position=&#8221;center top&#8221; p_top=&#8221;150&#8243; p_bottom=&#8221;0&#8243; m_bottom=&#8221;0&#8243; v_center=&#8221;yes&#8221;][vc_column width=&#8221;2\/3&#8243;][vc_row_inner][vc_column_inner width=&#8221;1\/6&#8243;][\/vc_column_inner][vc_column_inner width=&#8221;1\/6&#8243; css=&#8221;.vc_custom_1489490930190{margin-right: 0px !important;}&#8221; offset=&#8221;vc_hidden-xs&#8221;][\/vc_column_inner][vc_column_inner width=&#8221;4\/6&#8243;][\/vc_column_inner][\/vc_row_inner][\/vc_column][vc_column width=&#8221;1\/3&#8243;][\/vc_column][\/vc_row][vc_row anchor=&#8221;about-page&#8221; width=&#8221;full&#8221; bg_color_row=&#8221;#ffffff&#8221; p_top=&#8221;80&#8243; p_bottom=&#8221;120&#8243; m_top=&#8221;0&#8243; m_bottom=&#8221;0&#8243;][vc_column][vc_single_image image=&#8221;3518&#8243; alignment=&#8221;center&#8221; css_animation=&#8221;rotateInDownRight&#8221; img_size=&#8221;thumbnail&#8221;][ivan_title title_tag=&#8221;hero&#8221; ico_family=&#8221;custom&#8221; mark=&#8221;yes&#8221; template=&#8221;primary-bg&#8221; c_id=&#8221;.vc_1553090786283&#8243; sub=&#8221;La prevenci\u00f3n de riesgos constituye una herramienta fundamental para reducir y mejorar el ratio de p\u00e9rdidas. Debemos indicar que casi el 80 % de los riesgos podr\u00eda haberse evitado con una buena comprensi\u00f3n de las cadenas de transporte y sus peligros.<br \/>\n&#8220;]Prevenci\u00f3n de riesgos:[\/ivan_title][vc_empty_space height=&#8221;40&#8243;][vc_row_inner][vc_column_inner width=&#8221;1\/6&#8243;][\/vc_column_inner][vc_column_inner width=&#8221;2\/3&#8243;][ivan_title title_tag=&#8221;h2&#8243; mark=&#8221;yes&#8221; template=&#8221;primary-bg&#8221; c_id=&#8221;.vc_1547822714509&#8243;]Podemos ayudar a nuestros clientes en las siguientes \u00e1reas:[\/ivan_title][ivan_list style=&#8221;circle&#8221; css_animation=&#8221;left-to-right&#8221; c_id=&#8221;.vc_1553090984664&#8243;]<\/p>\n<ul>\n<li>Inspecci\u00f3n de almacenes y terminales<\/li>\n<li>Control de embalajes<\/li>\n<li>Inspecci\u00f3n de medios y m\u00e9todos de transporte<\/li>\n<li>Condiciones previas al transporte de mercanc\u00edas<\/li>\n<li>Inspecciones de entrega (on hire) y reentrega (off hire)<\/li>\n<li>Estudios de condiciones<\/li>\n<li>Carga, estiba y protecci\u00f3n de todos los cargamentos<\/li>\n<li>Supervisi\u00f3n de la carga, protecci\u00f3n y descarga de cargas pesadas o cargas de proyecto<\/li>\n<li>Seguridad en el transporte<\/li>\n<\/ul>\n<p>[\/ivan_list][\/vc_column_inner][vc_column_inner width=&#8221;1\/6&#8243;][\/vc_column_inner][\/vc_row_inner][\/vc_column][\/vc_row][vc_row width=&#8221;full&#8221; h=&#8221;500px&#8221; bg_type=&#8221;video&#8221; mp4=&#8221;\/wp-content\/uploads\/2019\/03\/prevencion-de-riesgos.mp4&#8243; overlay=&#8221;rgba(255,255,255,0.3)&#8221; p_top=&#8221;50&#8243; p_bottom=&#8221;80&#8243; m_bottom=&#8221;200&#8243;][vc_column css_animation=&#8221;zoomIn&#8221; width=&#8221;1\/6&#8243;][\/vc_column][vc_column width=&#8221;2\/3&#8243;][\/vc_column][vc_column width=&#8221;1\/6&#8243;][\/vc_column][\/vc_row]<\/p>\n<\/div>","protected":false},"excerpt":{"rendered":"<p>[vc_row width=&#8221;no_margin&#8221; h=&#8221;350px&#8221; bb_width=&#8221;1&#8243; bb_color=&#8221;#f2f2f2&#8243; bg_type=&#8221;image&#8221; bg_image_url=&#8221;3690&#8243; bg_position=&#8221;center top&#8221; p_top=&#8221;150&#8243; p_bottom=&#8221;0&#8243; m_bottom=&#8221;0&#8243; v_center=&#8221;yes&#8221;][vc_column width=&#8221;2\/3&#8243;][vc_row_inner][vc_column_inner width=&#8221;1\/6&#8243;][\/vc_column_inner][vc_column_inner width=&#8221;1\/6&#8243; css=&#8221;.vc_custom_1489490930190{margin-right: 0px !important;}&#8221; offset=&#8221;vc_hidden-xs&#8221;][\/vc_column_inner][vc_column_inner width=&#8221;4\/6&#8243;][\/vc_column_inner][\/vc_row_inner][\/vc_column][vc_column width=&#8221;1\/3&#8243;][\/vc_column][\/vc_row][vc_row anchor=&#8221;about-page&#8221; width=&#8221;full&#8221; bg_color_row=&#8221;#ffffff&#8221; p_top=&#8221;80&#8243; p_bottom=&#8221;120&#8243; m_top=&#8221;0&#8243; m_bottom=&#8221;0&#8243;][vc_column][vc_single_image image=&#8221;3518&#8243; alignment=&#8221;center&#8221; css_animation=&#8221;rotateInDownRight&#8221; img_size=&#8221;thumbnail&#8221;][ivan_title title_tag=&#8221;hero&#8221; ico_family=&#8221;custom&#8221; mark=&#8221;yes&#8221; template=&#8221;primary-bg&#8221; c_id=&#8221;.vc_1553090786283&#8243; sub=&#8221;La prevenci\u00f3n de riesgos constituye una herramienta fundamental para reducir y mejorar el ratio de p\u00e9rdidas. Debemos [&hellip;]<\/p>\n","protected":false},"author":1,"featured_media":0,"parent":0,"menu_order":0,"comment_status":"closed","ping_status":"closed","template":"","meta":{"footnotes":""},"class_list":["post-3788","page","type-page","status-publish","hentry","no-thumbnail"],"aioseo_notices":[],"_links":{"self":[{"href":"https:\/\/www.saretec.es\/es\/wp-json\/wp\/v2\/pages\/3788","targetHints":{"allow":["GET"]}}],"collection":[{"href":"https:\/\/www.saretec.es\/es\/wp-json\/wp\/v2\/pages"}],"about":[{"href":"https:\/\/www.saretec.es\/es\/wp-json\/wp\/v2\/types\/page"}],"author":[{"embeddable":true,"href":"https:\/\/www.saretec.es\/es\/wp-json\/wp\/v2\/users\/1"}],"replies":[{"embeddable":true,"href":"https:\/\/www.saretec.es\/es\/wp-json\/wp\/v2\/comments?post=3788"}],"version-history":[{"count":8,"href":"https:\/\/www.saretec.es\/es\/wp-json\/wp\/v2\/pages\/3788\/revisions"}],"predecessor-version":[{"id":3848,"href":"https:\/\/www.saretec.es\/es\/wp-json\/wp\/v2\/pages\/3788\/revisions\/3848"}],"wp:attachment":[{"href":"https:\/\/www.saretec.es\/es\/wp-json\/wp\/v2\/media?parent=3788"}],"curies":[{"name":"wp","href":"https:\/\/api.w.org\/{rel}","templated":true}]}}