{"id":3771,"date":"2019-01-18T11:47:05","date_gmt":"2019-01-18T10:47:05","guid":{"rendered":"https:\/\/wp.survey.es.emyl-design.eu\/?page_id=3771"},"modified":"2019-03-28T12:09:37","modified_gmt":"2019-03-28T11:09:37","slug":"claim-services-es","status":"publish","type":"page","link":"https:\/\/www.saretec.es\/es\/claim-services-es\/","title":{"rendered":"Servicio de siniestros"},"content":{"rendered":"<div class=\"wpb-content-wrapper\"><p>[vc_row width=&#8221;no_margin&#8221; h=&#8221;350px&#8221; bb_width=&#8221;1&#8243; bb_color=&#8221;#f2f2f2&#8243; bg_type=&#8221;image&#8221; bg_image_url=&#8221;3545&#8243; bg_position=&#8221;center top&#8221; p_top=&#8221;150&#8243; p_bottom=&#8221;0&#8243; m_bottom=&#8221;0&#8243; v_center=&#8221;yes&#8221;][vc_column width=&#8221;2\/3&#8243;][vc_row_inner][vc_column_inner width=&#8221;1\/6&#8243;][\/vc_column_inner][vc_column_inner width=&#8221;1\/6&#8243; css=&#8221;.vc_custom_1489490930190{margin-right: 0px !important;}&#8221; offset=&#8221;vc_hidden-xs&#8221;][\/vc_column_inner][vc_column_inner width=&#8221;4\/6&#8243;][\/vc_column_inner][\/vc_row_inner][\/vc_column][vc_column width=&#8221;1\/3&#8243;][\/vc_column][\/vc_row][vc_row anchor=&#8221;about-page&#8221; width=&#8221;full&#8221; bg_color_row=&#8221;#ffffff&#8221; p_top=&#8221;80&#8243; p_bottom=&#8221;120&#8243; m_top=&#8221;0&#8243; m_bottom=&#8221;0&#8243;][vc_column][vc_single_image image=&#8221;3520&#8243; alignment=&#8221;center&#8221; css_animation=&#8221;rotateInDownRight&#8221; img_size=&#8221;thumbnail&#8221;][ivan_title title_tag=&#8221;hero&#8221; ico_family=&#8221;custom&#8221; mark=&#8221;yes&#8221; template=&#8221;primary-bg&#8221; c_id=&#8221;.vc_1547821954583&#8243; sub=&#8221;Existen b\u00e1sicamente tres pasos en nuestros servicios de siniestros en mercanc\u00edas:&#8221;]Servicio de siniestros:[\/ivan_title][vc_empty_space height=&#8221;40&#8243;][vc_row_inner][vc_column_inner width=&#8221;1\/6&#8243;][\/vc_column_inner][vc_column_inner width=&#8221;2\/3&#8243;][ivan_title title_tag=&#8221;h2&#8243; mark=&#8221;yes&#8221; template=&#8221;primary-bg&#8221; c_id=&#8221;.vc_1547821969713&#8243;]Peritajes de siniestros[\/ivan_title][ivan_list style=&#8221;circle&#8221; css_animation=&#8221;left-to-right&#8221; c_id=&#8221;.vc_1547822045272&#8243;]<\/p>\n<h4>&gt; Los peritajes de los siniestros son los servicios b\u00e1sicos m\u00e1s solicitados.\u00a0\u2028El cliente (generalmente una aseguradora) nombra al perito o a la empresa encargada del peritaje, quien:<\/h4>\n<ul>\n<li>Llevar\u00e1 a cabo la inspecci\u00f3n tal como corresponda, incluso invitando a TPs a realizar un peritaje conjunto<\/li>\n<li>Determinar\u00e1 el alcance y las causas de los da\u00f1os<\/li>\n<li>Evaluar\u00e1 los da\u00f1os<\/li>\n<li>Recopilar\u00e1 el soporte documental pertinente<\/li>\n<li>Gestionar\u00e1 o asistir\u00e1 las operaciones de salvamento<\/li>\n<li>Emitir\u00e1 el informe correspondiente<\/li>\n<\/ul>\n<p>Una vez terminado el trabajo, el perito preparar\u00e1 su informe y lo presentar\u00e1 al cliente junto a la factura.[\/ivan_list][vc_column_text c_id=&#8221;.vc_1539349797797&#8243; p_css=&#8221;font-size:17px;&#8221;]Once completed the job the surveyor should compile his report and present same to the customer with his invoice.[\/vc_column_text][ivan_title title_tag=&#8221;h2&#8243; mark=&#8221;yes&#8221; template=&#8221;primary-bg&#8221; c_id=&#8221;.vc_1547822282518&#8243;]Liquidaci\u00f3n y tramitaci\u00f3n de siniestros[\/ivan_title][ivan_list style=&#8221;circle&#8221; css_animation=&#8221;left-to-right&#8221; c_id=&#8221;.vc_1547822297314&#8243;]<\/p>\n<h4>&gt; Ya con todos los documentos relevantes en su poder, el liquidador de siniestros decidir\u00e1 si la p\u00f3liza cubre el siniestro en cuesti\u00f3n, establecer\u00e1 el importe de la indemnizaci\u00f3n y tramitar\u00e1 el siniestro, obteniendo la carta de subrogaci\u00f3n pertinente.<\/h4>\n<p>[\/ivan_list][\/vc_column_inner][vc_column_inner width=&#8221;1\/6&#8243;][\/vc_column_inner][\/vc_row_inner][\/vc_column][\/vc_row][vc_row width=&#8221;full&#8221; bg_type=&#8221;video&#8221; mp4=&#8221;\/wp-content\/uploads\/2019\/03\/Servicio-de-siniestros.mp4&#8243; overlay=&#8221;rgba(175,190,200,0.4)&#8221; p_top=&#8221;100&#8243; p_bottom=&#8221;80&#8243; m_bottom=&#8221;0&#8243;][vc_column css_animation=&#8221;zoomIn&#8221; width=&#8221;1\/6&#8243;][\/vc_column][vc_column width=&#8221;2\/3&#8243;][ivan_call_action heading=&#8221;Recuperaci\u00f3n&#8221; desc=&#8221;Una vez tramitado el siniestro, el liquidador intentar\u00e1 recuperarlo por s\u00ed mismo o pasar\u00e1 el caso al departamento de recuperaciones para que tome las acciones que correspondan.<\/p>\n<p>En la mayor\u00eda de los casos, los peritos o la empresa encargada del peritaje solo participan en la etapa (a), mientras que las aseguradores, los brokers y los clientes gestionan las etapas (b) y (c). No obstante, algunos clientes tambi\u00e9n pueden delegar las etapas (b) y (c) a empresas de peritaje o tramitaci\u00f3n de siniestros. \u2028Nuestra experiencia nos indica lo siguiente:<\/p>\n<p>Casi todas las empresas escandinavas y finlandesas delegan en sus agentes todo el procedimiento.<\/p>\n<p>Las empresas estadounidenses normalmente solicitan el peritaje y liquidan y pagan ellos mismos el siniestro (en ocasiones, envi\u00e1ndonos el cheque a nosotros para que lo remitamos a los clientes) y, despu\u00e9s, nos pasan el caso para la recuperaci\u00f3n.<\/p>\n<p>Las empresas nacionales o europeas normalmente solo solicitan la etapa (a).<br \/>\n&#8221; template=&#8221;dark-bg&#8221; c_id=&#8221;.vc_1547822418995&#8243; block_css=&#8221;background-color:rgba(154,31,39,0.8);&#8221;][\/ivan_call_action][\/vc_column][vc_column width=&#8221;1\/6&#8243;][\/vc_column][\/vc_row]<\/p>\n<\/div>","protected":false},"excerpt":{"rendered":"<p>[vc_row width=&#8221;no_margin&#8221; h=&#8221;350px&#8221; bb_width=&#8221;1&#8243; bb_color=&#8221;#f2f2f2&#8243; bg_type=&#8221;image&#8221; bg_image_url=&#8221;3545&#8243; bg_position=&#8221;center top&#8221; p_top=&#8221;150&#8243; p_bottom=&#8221;0&#8243; m_bottom=&#8221;0&#8243; v_center=&#8221;yes&#8221;][vc_column width=&#8221;2\/3&#8243;][vc_row_inner][vc_column_inner width=&#8221;1\/6&#8243;][\/vc_column_inner][vc_column_inner width=&#8221;1\/6&#8243; css=&#8221;.vc_custom_1489490930190{margin-right: 0px !important;}&#8221; offset=&#8221;vc_hidden-xs&#8221;][\/vc_column_inner][vc_column_inner width=&#8221;4\/6&#8243;][\/vc_column_inner][\/vc_row_inner][\/vc_column][vc_column width=&#8221;1\/3&#8243;][\/vc_column][\/vc_row][vc_row anchor=&#8221;about-page&#8221; width=&#8221;full&#8221; bg_color_row=&#8221;#ffffff&#8221; p_top=&#8221;80&#8243; p_bottom=&#8221;120&#8243; m_top=&#8221;0&#8243; m_bottom=&#8221;0&#8243;][vc_column][vc_single_image image=&#8221;3520&#8243; alignment=&#8221;center&#8221; css_animation=&#8221;rotateInDownRight&#8221; img_size=&#8221;thumbnail&#8221;][ivan_title title_tag=&#8221;hero&#8221; ico_family=&#8221;custom&#8221; mark=&#8221;yes&#8221; template=&#8221;primary-bg&#8221; c_id=&#8221;.vc_1547821954583&#8243; sub=&#8221;Existen b\u00e1sicamente tres pasos en nuestros servicios de siniestros en mercanc\u00edas:&#8221;]Servicio de siniestros:[\/ivan_title][vc_empty_space height=&#8221;40&#8243;][vc_row_inner][vc_column_inner width=&#8221;1\/6&#8243;][\/vc_column_inner][vc_column_inner width=&#8221;2\/3&#8243;][ivan_title title_tag=&#8221;h2&#8243; [&hellip;]<\/p>\n","protected":false},"author":1,"featured_media":0,"parent":0,"menu_order":0,"comment_status":"closed","ping_status":"closed","template":"","meta":{"footnotes":""},"class_list":["post-3771","page","type-page","status-publish","hentry","no-thumbnail"],"aioseo_notices":[],"_links":{"self":[{"href":"https:\/\/www.saretec.es\/es\/wp-json\/wp\/v2\/pages\/3771","targetHints":{"allow":["GET"]}}],"collection":[{"href":"https:\/\/www.saretec.es\/es\/wp-json\/wp\/v2\/pages"}],"about":[{"href":"https:\/\/www.saretec.es\/es\/wp-json\/wp\/v2\/types\/page"}],"author":[{"embeddable":true,"href":"https:\/\/www.saretec.es\/es\/wp-json\/wp\/v2\/users\/1"}],"replies":[{"embeddable":true,"href":"https:\/\/www.saretec.es\/es\/wp-json\/wp\/v2\/comments?post=3771"}],"version-history":[{"count":8,"href":"https:\/\/www.saretec.es\/es\/wp-json\/wp\/v2\/pages\/3771\/revisions"}],"predecessor-version":[{"id":3841,"href":"https:\/\/www.saretec.es\/es\/wp-json\/wp\/v2\/pages\/3771\/revisions\/3841"}],"wp:attachment":[{"href":"https:\/\/www.saretec.es\/es\/wp-json\/wp\/v2\/media?parent=3771"}],"curies":[{"name":"wp","href":"https:\/\/api.w.org\/{rel}","templated":true}]}}